{"id":12,"date":"2024-03-04T23:47:34","date_gmt":"2024-03-04T23:47:34","guid":{"rendered":"https:\/\/ahlawfirmpllc.com\/about-the-firm\/"},"modified":"2024-03-06T20:15:22","modified_gmt":"2024-03-06T20:15:22","slug":"about-the-firm","status":"publish","type":"page","link":"https:\/\/ahlawfirmpllc.com\/es\/about-the-firm\/","title":{"rendered":"Sobre la Firma"},"content":{"rendered":"<div data-elementor-type=\"wp-page\" data-elementor-id=\"12\" class=\"elementor elementor-12\" data-elementor-post-type=\"page\">\n\t\t\t\t<div class=\"elementor-element elementor-element-fc336a1 e-flex e-con-boxed e-con e-parent\" data-id=\"fc336a1\" data-element_type=\"container\" data-e-type=\"container\" data-settings=\"{&quot;background_background&quot;:&quot;classic&quot;}\">\n\t\t\t\t\t<div class=\"e-con-inner\">\n\t\t<div class=\"elementor-element elementor-element-a8e3fe5 e-con-full e-flex e-con e-child\" data-id=\"a8e3fe5\" data-element_type=\"container\" data-e-type=\"container\">\n\t\t\t\t<div class=\"elementor-element elementor-element-0e1262b elementor-widget elementor-widget-heading\" data-id=\"0e1262b\" data-element_type=\"widget\" data-e-type=\"widget\" data-widget_type=\"heading.default\">\n\t\t\t\t<div class=\"elementor-widget-container\">\n\t\t\t\t\t<h1 class=\"elementor-heading-title elementor-size-default\">Sobre la Firma<\/h1>\t\t\t\t<\/div>\n\t\t\t\t<\/div>\n\t\t\t\t<\/div>\n\t\t\t\t\t<\/div>\n\t\t\t\t<\/div>\n\t\t<div class=\"elementor-element elementor-element-10ead7c e-flex e-con-boxed e-con e-parent\" data-id=\"10ead7c\" data-element_type=\"container\" data-e-type=\"container\">\n\t\t\t\t\t<div class=\"e-con-inner\">\n\t\t<div class=\"elementor-element elementor-element-5472f0e e-con-full e-flex e-con e-child\" data-id=\"5472f0e\" data-element_type=\"container\" data-e-type=\"container\">\n\t\t\t\t<div class=\"elementor-element elementor-element-d35a7d0 elementor-widget elementor-widget-image\" data-id=\"d35a7d0\" data-element_type=\"widget\" data-e-type=\"widget\" data-widget_type=\"image.default\">\n\t\t\t\t<div class=\"elementor-widget-container\">\n\t\t\t\t\t\t\t\t\t\t\t\t\t\t\t<img decoding=\"async\" src=\"https:\/\/ahlawfirmpllc.com\/wp-content\/uploads\/elementor\/thumbs\/LawOffices-MD.Ahsan-Habib-18-qktrsojhaz9jl0kthl2w5sjcfy787xyaz5fbz9izb4.webp\" title=\"LawOffices MD.Ahsan Habib-18\" alt=\"LawOffices MD.Ahsan Habib-18\" loading=\"lazy\" \/>\t\t\t\t\t\t\t\t\t\t\t\t\t\t\t<\/div>\n\t\t\t\t<\/div>\n\t\t\t\t<\/div>\n\t\t<div class=\"elementor-element elementor-element-a7b7fdc e-con-full e-flex e-con e-child\" data-id=\"a7b7fdc\" data-element_type=\"container\" data-e-type=\"container\">\n\t\t\t\t<div class=\"elementor-element elementor-element-0c5c853 elementor-widget elementor-widget-text-editor\" data-id=\"0c5c853\" data-element_type=\"widget\" data-e-type=\"widget\" data-widget_type=\"text-editor.default\">\n\t\t\t\t<div class=\"elementor-widget-container\">\n\t\t\t\t\t\t\t\t\t<p>Firma Legal AH se erige como un faro de confianza y fiabilidad en el \u00e1mbito del apoyo legal en materia de inmigraci\u00f3n. Situada en el coraz\u00f3n de Jamaica, Nueva York, nuestra firma extiende sus servicios a lo largo de todo el estado, atendiendo a individuos y familias que enfrentan diversos desaf\u00edos migratorios. Establecida con un compromiso profundo con la empat\u00eda y la compasi\u00f3n, AH Law Firm ha ganado una reputaci\u00f3n estelar por ser un aliado firme para aquellos que navegan por el intrincado panorama de la ley de inmigraci\u00f3n.\u00a0<\/p>\t\t\t\t\t\t\t\t<\/div>\n\t\t\t\t<\/div>\n\t\t\t\t<div class=\"elementor-element elementor-element-f8e4c31 elementor-widget elementor-widget-heading\" data-id=\"f8e4c31\" data-element_type=\"widget\" data-e-type=\"widget\" data-widget_type=\"heading.default\">\n\t\t\t\t<div class=\"elementor-widget-container\">\n\t\t\t\t\t<h3 class=\"elementor-heading-title elementor-size-default\">Nuestra Misi\u00f3n y Valores\n<\/h3>\t\t\t\t<\/div>\n\t\t\t\t<\/div>\n\t\t\t\t<div class=\"elementor-element elementor-element-8eb1a6f elementor-widget elementor-widget-heading\" data-id=\"8eb1a6f\" data-element_type=\"widget\" data-e-type=\"widget\" data-widget_type=\"heading.default\">\n\t\t\t\t<div class=\"elementor-widget-container\">\n\t\t\t\t\t<p class=\"elementor-heading-title elementor-size-default\">En Firma Legal AH, nuestra misi\u00f3n trasciende la mera representaci\u00f3n legal; encarna una dedicaci\u00f3n profunda a proporcionar un apoyo y orientaci\u00f3n inquebrantables a nuestros clientes. Entendemos el profundo impacto que los asuntos de inmigraci\u00f3n pueden tener en individuos y familias, raz\u00f3n por la cual abordamos cada caso con empat\u00eda, compasi\u00f3n y atenci\u00f3n personalizada. Nuestros valores no son solo palabras en una p\u00e1gina; forman el fundamento de nuestra pr\u00e1ctica, impulsando cada decisi\u00f3n y acci\u00f3n que emprendemos.<\/p>\t\t\t\t<\/div>\n\t\t\t\t<\/div>\n\t\t\t\t<\/div>\n\t\t\t\t\t<\/div>\n\t\t\t\t<\/div>\n\t\t<div class=\"elementor-element elementor-element-88ee5f5 e-flex e-con-boxed e-con e-parent\" data-id=\"88ee5f5\" data-element_type=\"container\" data-e-type=\"container\" data-settings=\"{&quot;background_background&quot;:&quot;classic&quot;}\">\n\t\t\t\t\t<div class=\"e-con-inner\">\n\t\t<div class=\"elementor-element elementor-element-47c3aea e-con-full e-flex e-con e-child\" data-id=\"47c3aea\" data-element_type=\"container\" data-e-type=\"container\">\n\t\t\t\t<div class=\"elementor-element elementor-element-7b3cc76 elementor-widget elementor-widget-heading\" data-id=\"7b3cc76\" data-element_type=\"widget\" data-e-type=\"widget\" data-widget_type=\"heading.default\">\n\t\t\t\t<div class=\"elementor-widget-container\">\n\t\t\t\t\t<h3 class=\"elementor-heading-title elementor-size-default\">Servicios de Inmigraci\u00f3n Integral\n<\/h3>\t\t\t\t<\/div>\n\t\t\t\t<\/div>\n\t\t\t\t<div class=\"elementor-element elementor-element-ba7e38e elementor-widget elementor-widget-heading\" data-id=\"ba7e38e\" data-element_type=\"widget\" data-e-type=\"widget\" data-widget_type=\"heading.default\">\n\t\t\t\t<div class=\"elementor-widget-container\">\n\t\t\t\t\t<p class=\"elementor-heading-title elementor-size-default\">Ning\u00fan problema de inmigraci\u00f3n es demasiado complejo o desalentador para el h\u00e1bil equipo de Firma Legal AH. Ya sea que necesites asistencia con inmigraci\u00f3n basada en la familia, visas de empleo, defensa contra la deportaci\u00f3n o cualquier otro asunto de inmigraci\u00f3n, nuestros abogados experimentados est\u00e1n equipados con la experiencia y el conocimiento para guiarte en cada paso del proceso. Reconocemos la singularidad de cada caso y adaptamos nuestro enfoque para satisfacer las necesidades y objetivos espec\u00edficos de nuestros clientes.<\/p>\t\t\t\t<\/div>\n\t\t\t\t<\/div>\n\t\t\t\t<div class=\"elementor-element elementor-element-a775bd5 elementor-widget elementor-widget-heading\" data-id=\"a775bd5\" data-element_type=\"widget\" data-e-type=\"widget\" data-widget_type=\"heading.default\">\n\t\t\t\t<div class=\"elementor-widget-container\">\n\t\t\t\t\t<h3 class=\"elementor-heading-title elementor-size-default\">Enfoque Centrado en el Cliente\n<\/h3>\t\t\t\t<\/div>\n\t\t\t\t<\/div>\n\t\t\t\t<div class=\"elementor-element elementor-element-285bb2a elementor-widget elementor-widget-heading\" data-id=\"285bb2a\" data-element_type=\"widget\" data-e-type=\"widget\" data-widget_type=\"heading.default\">\n\t\t\t\t<div class=\"elementor-widget-container\">\n\t\t\t\t\t<p class=\"elementor-heading-title elementor-size-default\">Lo que distingue a Firma Legal AH es nuestro compromiso inquebrantable de priorizar las necesidades y preocupaciones de nuestros clientes por encima de todo. Desde la consulta inicial hasta la resoluci\u00f3n de su caso, garantizamos comunicaci\u00f3n transparente, actualizaciones regulares y apoyo dedicado en cada momento. Nuestros clientes no son solo n\u00fameros de caso para nosotros; son individuos con sue\u00f1os, aspiraciones e historias que merecen respeto y atenci\u00f3n.<\/p>\t\t\t\t<\/div>\n\t\t\t\t<\/div>\n\t\t\t\t<div class=\"elementor-element elementor-element-4ba178f elementor-widget elementor-widget-heading\" data-id=\"4ba178f\" data-element_type=\"widget\" data-e-type=\"widget\" data-widget_type=\"heading.default\">\n\t\t\t\t<div class=\"elementor-widget-container\">\n\t\t\t\t\t<h3 class=\"elementor-heading-title elementor-size-default\">Empoderamiento a trav\u00e9s del Conocimiento\n<\/h3>\t\t\t\t<\/div>\n\t\t\t\t<\/div>\n\t\t\t\t<div class=\"elementor-element elementor-element-a66b71e elementor-widget elementor-widget-heading\" data-id=\"a66b71e\" data-element_type=\"widget\" data-e-type=\"widget\" data-widget_type=\"heading.default\">\n\t\t\t\t<div class=\"elementor-widget-container\">\n\t\t\t\t\t<p class=\"elementor-heading-title elementor-size-default\">Navegar por las complejidades de la ley de inmigraci\u00f3n puede ser desalentador, raz\u00f3n por la cual Firma Legal AH pone un fuerte \u00e9nfasis en capacitar a nuestros clientes a trav\u00e9s de la educaci\u00f3n y el entendimiento. Nos tomamos el tiempo para desmitificar el lenguaje legal, explicar las complejidades procedimentales y brindar orientaci\u00f3n integral, capacitando a nuestros clientes para tomar decisiones informadas sobre tu futuro.\n<\/p>\t\t\t\t<\/div>\n\t\t\t\t<\/div>\n\t\t\t\t<\/div>\n\t\t<div class=\"elementor-element elementor-element-9883ccb e-con-full e-flex e-con e-child\" data-id=\"9883ccb\" data-element_type=\"container\" data-e-type=\"container\">\n\t\t\t\t<div class=\"elementor-element elementor-element-1d6a893 elementor-widget elementor-widget-image\" data-id=\"1d6a893\" data-element_type=\"widget\" data-e-type=\"widget\" data-widget_type=\"image.default\">\n\t\t\t\t<div class=\"elementor-widget-container\">\n\t\t\t\t\t\t\t\t\t\t\t\t\t\t\t<img fetchpriority=\"high\" decoding=\"async\" width=\"682\" height=\"1024\" src=\"https:\/\/ahlawfirmpllc.com\/wp-content\/uploads\/2024\/03\/LawOffices-MD.Ahsan-Habib-01-682x1024.webp\" class=\"attachment-large size-large wp-image-282\" alt=\"\" srcset=\"https:\/\/ahlawfirmpllc.com\/wp-content\/uploads\/2024\/03\/LawOffices-MD.Ahsan-Habib-01-682x1024.webp 682w, https:\/\/ahlawfirmpllc.com\/wp-content\/uploads\/2024\/03\/LawOffices-MD.Ahsan-Habib-01-200x300.webp 200w, https:\/\/ahlawfirmpllc.com\/wp-content\/uploads\/2024\/03\/LawOffices-MD.Ahsan-Habib-01-768x1153.webp 768w, https:\/\/ahlawfirmpllc.com\/wp-content\/uploads\/2024\/03\/LawOffices-MD.Ahsan-Habib-01-1023x1536.webp 1023w, https:\/\/ahlawfirmpllc.com\/wp-content\/uploads\/2024\/03\/LawOffices-MD.Ahsan-Habib-01-8x12.webp 8w, https:\/\/ahlawfirmpllc.com\/wp-content\/uploads\/2024\/03\/LawOffices-MD.Ahsan-Habib-01.webp 1066w\" sizes=\"(max-width: 682px) 100vw, 682px\" \/>\t\t\t\t\t\t\t\t\t\t\t\t\t\t\t<\/div>\n\t\t\t\t<\/div>\n\t\t\t\t<\/div>\n\t\t\t\t\t<\/div>\n\t\t\t\t<\/div>\n\t\t<div class=\"elementor-element elementor-element-32213f5 e-flex e-con-boxed e-con e-parent\" data-id=\"32213f5\" data-element_type=\"container\" data-e-type=\"container\" data-settings=\"{&quot;background_background&quot;:&quot;classic&quot;}\">\n\t\t\t\t\t<div class=\"e-con-inner\">\n\t\t<div class=\"elementor-element elementor-element-ec4ae83 e-con-full e-flex e-con e-child\" data-id=\"ec4ae83\" data-element_type=\"container\" data-e-type=\"container\">\n\t\t\t\t<div class=\"elementor-element elementor-element-028d35f elementor-widget elementor-widget-image\" data-id=\"028d35f\" data-element_type=\"widget\" data-e-type=\"widget\" data-widget_type=\"image.default\">\n\t\t\t\t<div class=\"elementor-widget-container\">\n\t\t\t\t\t\t\t\t\t\t\t\t\t\t\t<img decoding=\"async\" width=\"800\" height=\"534\" src=\"https:\/\/ahlawfirmpllc.com\/wp-content\/uploads\/2024\/03\/LawOffices-MD.Ahsan-Habib-06-1024x683.webp\" class=\"attachment-large size-large wp-image-285\" alt=\"\" srcset=\"https:\/\/ahlawfirmpllc.com\/wp-content\/uploads\/2024\/03\/LawOffices-MD.Ahsan-Habib-06-1024x683.webp 1024w, https:\/\/ahlawfirmpllc.com\/wp-content\/uploads\/2024\/03\/LawOffices-MD.Ahsan-Habib-06-300x200.webp 300w, https:\/\/ahlawfirmpllc.com\/wp-content\/uploads\/2024\/03\/LawOffices-MD.Ahsan-Habib-06-768x512.webp 768w, https:\/\/ahlawfirmpllc.com\/wp-content\/uploads\/2024\/03\/LawOffices-MD.Ahsan-Habib-06-1536x1024.webp 1536w, https:\/\/ahlawfirmpllc.com\/wp-content\/uploads\/2024\/03\/LawOffices-MD.Ahsan-Habib-06-18x12.webp 18w, https:\/\/ahlawfirmpllc.com\/wp-content\/uploads\/2024\/03\/LawOffices-MD.Ahsan-Habib-06.webp 1599w\" sizes=\"(max-width: 800px) 100vw, 800px\" \/>\t\t\t\t\t\t\t\t\t\t\t\t\t\t\t<\/div>\n\t\t\t\t<\/div>\n\t\t\t\t<\/div>\n\t\t<div class=\"elementor-element elementor-element-764d646 e-con-full e-flex e-con e-child\" data-id=\"764d646\" data-element_type=\"container\" data-e-type=\"container\">\n\t\t\t\t<div class=\"elementor-element elementor-element-aa14b0e elementor-widget elementor-widget-heading\" data-id=\"aa14b0e\" data-element_type=\"widget\" data-e-type=\"widget\" data-widget_type=\"heading.default\">\n\t\t\t\t<div class=\"elementor-widget-container\">\n\t\t\t\t\t<h3 class=\"elementor-heading-title elementor-size-default\">Compromiso y Alcance Comunitario<\/h3>\t\t\t\t<\/div>\n\t\t\t\t<\/div>\n\t\t\t\t<div class=\"elementor-element elementor-element-0d7577a elementor-widget elementor-widget-heading\" data-id=\"0d7577a\" data-element_type=\"widget\" data-e-type=\"widget\" data-widget_type=\"heading.default\">\n\t\t\t\t<div class=\"elementor-widget-container\">\n\t\t\t\t\t<p class=\"elementor-heading-title elementor-size-default\">M\u00e1s all\u00e1 de nuestra pr\u00e1ctica legal, Firma Legal AH est\u00e1 profundamente comprometida con servir y elevar las comunidades de las que formamos parte. A trav\u00e9s de diversas iniciativas de alcance, seminarios educativos y servicios pro bono, nos esforzamos por hacer una diferencia significativa en la vida de individuos y familias necesitadas. Nuestra dedicaci\u00f3n a la responsabilidad social se extiende m\u00e1s all\u00e1 de los confines de nuestras oficinas, reflejando nuestro ethos de devolver y crear un cambio positivo.\n<\/p>\t\t\t\t<\/div>\n\t\t\t\t<\/div>\n\t\t\t\t<div class=\"elementor-element elementor-element-1deb777 elementor-widget elementor-widget-heading\" data-id=\"1deb777\" data-element_type=\"widget\" data-e-type=\"widget\" data-widget_type=\"heading.default\">\n\t\t\t\t<div class=\"elementor-widget-container\">\n\t\t\t\t\t<p class=\"elementor-heading-title elementor-size-default\">En conclusi\u00f3n, Firma Legal AH se erige como un faro de esperanza y apoyo para individuos y familias que navegan por las complejidades de la ley de inmigraci\u00f3n. Con nuestro compromiso inquebrantable con la empat\u00eda, la compasi\u00f3n y la excelencia, estamos preparados para guiarte a trav\u00e9s de cada aspecto de tu viaje migratorio con diligencia y dedicaci\u00f3n. Conf\u00eda en Firma Legal AH para ser tu aliado firme en busca de un futuro m\u00e1s brillante y seguro.\n<\/p>\t\t\t\t<\/div>\n\t\t\t\t<\/div>\n\t\t\t\t<\/div>\n\t\t\t\t\t<\/div>\n\t\t\t\t<\/div>\n\t\t\t\t<\/div>","protected":false},"excerpt":{"rendered":"<p>About the Firm AH Law Firm, PLLC stands as a beacon of trust and reliability in the realm of immigration legal support. Situated in the heart of Jamaica, New York, our firm extends its services across the entire state, catering to individuals and families grappling with various immigration challenges. Established with a profound commitment to [&hellip;]<\/p>\n","protected":false},"author":1,"featured_media":0,"parent":0,"menu_order":2,"comment_status":"closed","ping_status":"closed","template":"","meta":{"footnotes":""},"class_list":["post-12","page","type-page","status-publish","hentry"],"yoast_head":"<!-- This site is optimized with the Yoast SEO plugin v27.4 - https:\/\/yoast.com\/product\/yoast-seo-wordpress\/ -->\n<title>About the Firm - AH LAW FIRM PLLC<\/title>\n<meta name=\"robots\" content=\"index, follow, max-snippet:-1, max-image-preview:large, max-video-preview:-1\" \/>\n<link rel=\"canonical\" href=\"https:\/\/ahlawfirmpllc.com\/es\/about-the-firm\/\" \/>\n<meta property=\"og:locale\" content=\"es_ES\" \/>\n<meta property=\"og:type\" content=\"article\" \/>\n<meta property=\"og:title\" content=\"About the Firm - AH LAW FIRM PLLC\" \/>\n<meta property=\"og:description\" content=\"About the Firm AH Law Firm, PLLC stands as a beacon of trust and reliability in the realm of immigration legal support. Situated in the heart of Jamaica, New York, our firm extends its services across the entire state, catering to individuals and families grappling with various immigration challenges. Established with a profound commitment to [&hellip;]\" \/>\n<meta property=\"og:url\" content=\"https:\/\/ahlawfirmpllc.com\/es\/about-the-firm\/\" \/>\n<meta property=\"og:site_name\" content=\"AH LAW FIRM PLLC\" \/>\n<meta property=\"article:modified_time\" content=\"2024-03-06T20:15:22+00:00\" \/>\n<meta property=\"og:image\" content=\"https:\/\/ahlawfirmpllc.com\/wp-content\/uploads\/elementor\/thumbs\/LawOffices-MD.Ahsan-Habib-18-qktrsojhaz9jl0kthl2w5sjcfy787xyaz5fbz9izb4.webp\" \/>\n<meta name=\"twitter:card\" content=\"summary_large_image\" \/>\n<meta name=\"twitter:label1\" content=\"Tiempo de lectura\" \/>\n\t<meta name=\"twitter:data1\" content=\"3 minutos\" \/>\n<script type=\"application\/ld+json\" class=\"yoast-schema-graph\">{\"@context\":\"https:\\\/\\\/schema.org\",\"@graph\":[{\"@type\":\"WebPage\",\"@id\":\"https:\\\/\\\/ahlawfirmpllc.com\\\/about-the-firm\\\/\",\"url\":\"https:\\\/\\\/ahlawfirmpllc.com\\\/about-the-firm\\\/\",\"name\":\"About the Firm - AH LAW FIRM PLLC\",\"isPartOf\":{\"@id\":\"https:\\\/\\\/ahlawfirmpllc.com\\\/#website\"},\"primaryImageOfPage\":{\"@id\":\"https:\\\/\\\/ahlawfirmpllc.com\\\/about-the-firm\\\/#primaryimage\"},\"image\":{\"@id\":\"https:\\\/\\\/ahlawfirmpllc.com\\\/about-the-firm\\\/#primaryimage\"},\"thumbnailUrl\":\"https:\\\/\\\/ahlawfirmpllc.com\\\/wp-content\\\/uploads\\\/elementor\\\/thumbs\\\/LawOffices-MD.Ahsan-Habib-18-qktrsojhaz9jl0kthl2w5sjcfy787xyaz5fbz9izb4.webp\",\"datePublished\":\"2024-03-04T23:47:34+00:00\",\"dateModified\":\"2024-03-06T20:15:22+00:00\",\"breadcrumb\":{\"@id\":\"https:\\\/\\\/ahlawfirmpllc.com\\\/about-the-firm\\\/#breadcrumb\"},\"inLanguage\":\"es\",\"potentialAction\":[{\"@type\":\"ReadAction\",\"target\":[\"https:\\\/\\\/ahlawfirmpllc.com\\\/about-the-firm\\\/\"]}]},{\"@type\":\"ImageObject\",\"inLanguage\":\"es\",\"@id\":\"https:\\\/\\\/ahlawfirmpllc.com\\\/about-the-firm\\\/#primaryimage\",\"url\":\"https:\\\/\\\/ahlawfirmpllc.com\\\/wp-content\\\/uploads\\\/elementor\\\/thumbs\\\/LawOffices-MD.Ahsan-Habib-18-qktrsojhaz9jl0kthl2w5sjcfy787xyaz5fbz9izb4.webp\",\"contentUrl\":\"https:\\\/\\\/ahlawfirmpllc.com\\\/wp-content\\\/uploads\\\/elementor\\\/thumbs\\\/LawOffices-MD.Ahsan-Habib-18-qktrsojhaz9jl0kthl2w5sjcfy787xyaz5fbz9izb4.webp\"},{\"@type\":\"BreadcrumbList\",\"@id\":\"https:\\\/\\\/ahlawfirmpllc.com\\\/about-the-firm\\\/#breadcrumb\",\"itemListElement\":[{\"@type\":\"ListItem\",\"position\":1,\"name\":\"Home\",\"item\":\"https:\\\/\\\/ahlawfirmpllc.com\\\/\"},{\"@type\":\"ListItem\",\"position\":2,\"name\":\"About the Firm\"}]},{\"@type\":\"WebSite\",\"@id\":\"https:\\\/\\\/ahlawfirmpllc.com\\\/#website\",\"url\":\"https:\\\/\\\/ahlawfirmpllc.com\\\/\",\"name\":\"AH LAW FIRM PLLC\",\"description\":\"\",\"publisher\":{\"@id\":\"https:\\\/\\\/ahlawfirmpllc.com\\\/#organization\"},\"potentialAction\":[{\"@type\":\"SearchAction\",\"target\":{\"@type\":\"EntryPoint\",\"urlTemplate\":\"https:\\\/\\\/ahlawfirmpllc.com\\\/?s={search_term_string}\"},\"query-input\":{\"@type\":\"PropertyValueSpecification\",\"valueRequired\":true,\"valueName\":\"search_term_string\"}}],\"inLanguage\":\"es\"},{\"@type\":\"Organization\",\"@id\":\"https:\\\/\\\/ahlawfirmpllc.com\\\/#organization\",\"name\":\"AH LAW FIRM PLLC\",\"url\":\"https:\\\/\\\/ahlawfirmpllc.com\\\/\",\"logo\":{\"@type\":\"ImageObject\",\"inLanguage\":\"es\",\"@id\":\"https:\\\/\\\/ahlawfirmpllc.com\\\/#\\\/schema\\\/logo\\\/image\\\/\",\"url\":\"https:\\\/\\\/ahlawfirmpllc.com\\\/wp-content\\\/uploads\\\/2024\\\/03\\\/logo.png\",\"contentUrl\":\"https:\\\/\\\/ahlawfirmpllc.com\\\/wp-content\\\/uploads\\\/2024\\\/03\\\/logo.png\",\"width\":410,\"height\":123,\"caption\":\"AH LAW FIRM PLLC\"},\"image\":{\"@id\":\"https:\\\/\\\/ahlawfirmpllc.com\\\/#\\\/schema\\\/logo\\\/image\\\/\"}}]}<\/script>\n<!-- \/ Yoast SEO plugin. -->","yoast_head_json":{"title":"Sobre la Firma \u2013 Firma Legal AH","robots":{"index":"index","follow":"follow","max-snippet":"max-snippet:-1","max-image-preview":"max-image-preview:large","max-video-preview":"max-video-preview:-1"},"canonical":"https:\/\/ahlawfirmpllc.com\/es\/about-the-firm\/","og_locale":"es_ES","og_type":"article","og_title":"About the Firm - AH LAW FIRM PLLC","og_description":"About the Firm AH Law Firm, PLLC stands as a beacon of trust and reliability in the realm of immigration legal support. Situated in the heart of Jamaica, New York, our firm extends its services across the entire state, catering to individuals and families grappling with various immigration challenges. Established with a profound commitment to [&hellip;]","og_url":"https:\/\/ahlawfirmpllc.com\/es\/about-the-firm\/","og_site_name":"AH LAW FIRM PLLC","article_modified_time":"2024-03-06T20:15:22+00:00","og_image":[{"url":"https:\/\/ahlawfirmpllc.com\/wp-content\/uploads\/elementor\/thumbs\/LawOffices-MD.Ahsan-Habib-18-qktrsojhaz9jl0kthl2w5sjcfy787xyaz5fbz9izb4.webp","type":"","width":"","height":""}],"twitter_card":"summary_large_image","twitter_misc":{"Tiempo de lectura":"3 minutos"},"schema":{"@context":"https:\/\/schema.org","@graph":[{"@type":"WebPage","@id":"https:\/\/ahlawfirmpllc.com\/about-the-firm\/","url":"https:\/\/ahlawfirmpllc.com\/about-the-firm\/","name":"Sobre la Firma \u2013 Firma Legal AH","isPartOf":{"@id":"https:\/\/ahlawfirmpllc.com\/#website"},"primaryImageOfPage":{"@id":"https:\/\/ahlawfirmpllc.com\/about-the-firm\/#primaryimage"},"image":{"@id":"https:\/\/ahlawfirmpllc.com\/about-the-firm\/#primaryimage"},"thumbnailUrl":"https:\/\/ahlawfirmpllc.com\/wp-content\/uploads\/elementor\/thumbs\/LawOffices-MD.Ahsan-Habib-18-qktrsojhaz9jl0kthl2w5sjcfy787xyaz5fbz9izb4.webp","datePublished":"2024-03-04T23:47:34+00:00","dateModified":"2024-03-06T20:15:22+00:00","breadcrumb":{"@id":"https:\/\/ahlawfirmpllc.com\/about-the-firm\/#breadcrumb"},"inLanguage":"es","potentialAction":[{"@type":"ReadAction","target":["https:\/\/ahlawfirmpllc.com\/about-the-firm\/"]}]},{"@type":"ImageObject","inLanguage":"es","@id":"https:\/\/ahlawfirmpllc.com\/about-the-firm\/#primaryimage","url":"https:\/\/ahlawfirmpllc.com\/wp-content\/uploads\/elementor\/thumbs\/LawOffices-MD.Ahsan-Habib-18-qktrsojhaz9jl0kthl2w5sjcfy787xyaz5fbz9izb4.webp","contentUrl":"https:\/\/ahlawfirmpllc.com\/wp-content\/uploads\/elementor\/thumbs\/LawOffices-MD.Ahsan-Habib-18-qktrsojhaz9jl0kthl2w5sjcfy787xyaz5fbz9izb4.webp"},{"@type":"BreadcrumbList","@id":"https:\/\/ahlawfirmpllc.com\/about-the-firm\/#breadcrumb","itemListElement":[{"@type":"ListItem","position":1,"name":"Home","item":"https:\/\/ahlawfirmpllc.com\/"},{"@type":"ListItem","position":2,"name":"About the Firm"}]},{"@type":"WebSite","@id":"https:\/\/ahlawfirmpllc.com\/#website","url":"https:\/\/ahlawfirmpllc.com\/","name":"Firma Legal AH","description":"","publisher":{"@id":"https:\/\/ahlawfirmpllc.com\/#organization"},"potentialAction":[{"@type":"SearchAction","target":{"@type":"EntryPoint","urlTemplate":"https:\/\/ahlawfirmpllc.com\/?s={search_term_string}"},"query-input":{"@type":"PropertyValueSpecification","valueRequired":true,"valueName":"search_term_string"}}],"inLanguage":"es"},{"@type":"Organization","@id":"https:\/\/ahlawfirmpllc.com\/#organization","name":"Firma Legal AH","url":"https:\/\/ahlawfirmpllc.com\/","logo":{"@type":"ImageObject","inLanguage":"es","@id":"https:\/\/ahlawfirmpllc.com\/#\/schema\/logo\/image\/","url":"https:\/\/ahlawfirmpllc.com\/wp-content\/uploads\/2024\/03\/logo.png","contentUrl":"https:\/\/ahlawfirmpllc.com\/wp-content\/uploads\/2024\/03\/logo.png","width":410,"height":123,"caption":"AH LAW FIRM PLLC"},"image":{"@id":"https:\/\/ahlawfirmpllc.com\/#\/schema\/logo\/image\/"}}]}},"_links":{"self":[{"href":"https:\/\/ahlawfirmpllc.com\/es\/wp-json\/wp\/v2\/pages\/12","targetHints":{"allow":["GET"]}}],"collection":[{"href":"https:\/\/ahlawfirmpllc.com\/es\/wp-json\/wp\/v2\/pages"}],"about":[{"href":"https:\/\/ahlawfirmpllc.com\/es\/wp-json\/wp\/v2\/types\/page"}],"author":[{"embeddable":true,"href":"https:\/\/ahlawfirmpllc.com\/es\/wp-json\/wp\/v2\/users\/1"}],"replies":[{"embeddable":true,"href":"https:\/\/ahlawfirmpllc.com\/es\/wp-json\/wp\/v2\/comments?post=12"}],"version-history":[{"count":0,"href":"https:\/\/ahlawfirmpllc.com\/es\/wp-json\/wp\/v2\/pages\/12\/revisions"}],"wp:attachment":[{"href":"https:\/\/ahlawfirmpllc.com\/es\/wp-json\/wp\/v2\/media?parent=12"}],"curies":[{"name":"wp","href":"https:\/\/api.w.org\/{rel}","templated":true}]}}