{"id":113,"date":"2024-03-05T01:16:52","date_gmt":"2024-03-05T01:16:52","guid":{"rendered":"https:\/\/ahlawfirmpllc.com\/?page_id=113"},"modified":"2024-03-06T20:14:45","modified_gmt":"2024-03-06T20:14:45","slug":"disclaimer","status":"publish","type":"page","link":"https:\/\/ahlawfirmpllc.com\/es\/disclaimer\/","title":{"rendered":"Renuncia De Responsabilidad"},"content":{"rendered":"<div data-elementor-type=\"wp-page\" data-elementor-id=\"113\" class=\"elementor elementor-113\" data-elementor-post-type=\"page\">\n\t\t\t\t<div class=\"elementor-element elementor-element-5984fa2 e-flex e-con-boxed e-con e-parent\" data-id=\"5984fa2\" data-element_type=\"container\" data-e-type=\"container\" data-settings=\"{&quot;background_background&quot;:&quot;classic&quot;}\">\n\t\t\t\t\t<div class=\"e-con-inner\">\n\t\t<div class=\"elementor-element elementor-element-36d8f05 e-con-full e-flex e-con e-child\" data-id=\"36d8f05\" data-element_type=\"container\" data-e-type=\"container\">\n\t\t\t\t<div class=\"elementor-element elementor-element-849735d elementor-widget elementor-widget-heading\" data-id=\"849735d\" data-element_type=\"widget\" data-e-type=\"widget\" data-widget_type=\"heading.default\">\n\t\t\t\t<div class=\"elementor-widget-container\">\n\t\t\t\t\t<h1 class=\"elementor-heading-title elementor-size-default\">Renuncia De Responsabilidad<\/h1>\t\t\t\t<\/div>\n\t\t\t\t<\/div>\n\t\t\t\t<\/div>\n\t\t\t\t\t<\/div>\n\t\t\t\t<\/div>\n\t\t<div class=\"elementor-element elementor-element-4a4753d e-flex e-con-boxed e-con e-parent\" data-id=\"4a4753d\" data-element_type=\"container\" data-e-type=\"container\">\n\t\t\t\t\t<div class=\"e-con-inner\">\n\t\t\t\t<div class=\"elementor-element elementor-element-572afa7 elementor-widget elementor-widget-text-editor\" data-id=\"572afa7\" data-element_type=\"widget\" data-e-type=\"widget\" data-no-translation=\"\" data-widget_type=\"text-editor.default\">\n\t\t\t\t<div class=\"elementor-widget-container\">\n\t\t\t\t\t<style>.elementor-element-572afa7{display:none !important}<\/style>\t\t\t\t<\/div>\n\t\t\t\t<\/div>\n\t\t\t\t<div class=\"elementor-element elementor-element-51b6d2c elementor-widget elementor-widget-text-editor\" data-id=\"51b6d2c\" data-element_type=\"widget\" data-e-type=\"widget\" data-no-translation=\"\" data-widget_type=\"text-editor.default\">\n\t\t\t\t<div class=\"elementor-widget-container\">\n\t\t\t\t\t\t\t\t\t<p><strong>El contenido de este sitio web se proporciona \u00fanicamente con fines informativos y publicitarios, y no debe interpretarse como asesoramiento legal sobre ning\u00fan tema. <\/strong>Este sitio web contiene informaci\u00f3n general y puede no reflejar desarrollos legales actuales, veredictos o acuerdos. Firma Legal AH renuncia expresamente a toda responsabilidad con respecto a las acciones tomadas o no tomadas en base a cualquiera o todos los contenidos de este sitio web.<\/p>\n<p>Cualquier contenido dentro de este sitio web, testimonios o endosos no constituye una garant\u00eda, garant\u00eda o predicci\u00f3n con respecto al resultado de su asunto legal. Los resultados de los casos son \u00fanicos para cada caso. Nuestros \u00e9xitos pasados no garantizan ni garantizan el resultado de su caso.<\/p>\n<p>Los contenidos de este sitio web est\u00e1n destinados exclusivamente a los residentes del estado de Nueva York. Nuestros abogados solo tienen licencia en el estado de Nueva York. La ley de Nueva York puede cambiar y \/ o se actualiza de a\u00f1o en a\u00f1o, incluidos los estatutos, c\u00f3digos, reglas e incluso casos de apelaci\u00f3n (si se anulan). Esto puede cambiar la aplicaci\u00f3n y la intenci\u00f3n de la ley de manera significativa. No asuma que la ley citada en el momento en que se escribi\u00f3 un art\u00edculo en este sitio sigue siendo la ley.<\/p>\n<p><span style=\"text-align: var(--text-align);\">Todas las representaciones visuales de eventos son dramatizaciones. Este anuncio es pagado por Firma Legal AH que es un abogado con licencia de Nueva York. Este anuncio es solo para clientes de Nueva York. Firma Legal AH acepta solo asuntos de Nueva York. Los servicios legales est\u00e1n limitados a clientes de New York. Este anuncio no constituye asesoramiento legal y no es una garant\u00eda, garant\u00eda o predicci\u00f3n con respecto al resultado de cualquier asunto legal. Cada caso es diferente. Los resultados dependen de la ley \u00fanica, los hechos y las circunstancias de cada caso. La contrataci\u00f3n de un abogado es una decisi\u00f3n importante que no debe basarse \u00fanicamente en la publicidad. Solicite informaci\u00f3n gratuita sobre los antecedentes y la experiencia de su abogado. No se garantiza que la calidad del servicio legal que se realice sea superior a la de otros abogados. No se garantiza que los abogados sean especialistas certificados o expertos en ning\u00fan campo del derecho. No se proporcionar\u00e1n servicios legales a menos que el cliente y el abogado firmen un acuerdo por escrito.<\/span><\/p>\n<p><span style=\"text-align: var(--text-align);\">Cualquier informaci\u00f3n enviada a Firma Legal AH por correo electr\u00f3nico a trav\u00e9s de Internet o del sitio web no es segura y se realiza de forma no confidencial. La transmisi\u00f3n de informaci\u00f3n desde este sitio web no crea una relaci\u00f3n abogado-cliente entre usted y la firma, ni tiene la intenci\u00f3n de hacerlo. La transmisi\u00f3n del sitio web, en parte o en su totalidad, y \/ o cualquier comunicaci\u00f3n con nosotros por correo electr\u00f3nico a trav\u00e9s de este sitio no constituye ni crea una relaci\u00f3n abogado-cliente entre nosotros y los destinatarios.<\/span><\/p><p><span style=\"text-align: var(--text-align); font-family: var( --e-global-typography-text-font-family ), Sans-serif; font-size: 1rem; font-weight: var( --e-global-typography-text-font-weight );\">Algunos enlaces dentro del sitio web pueden conducir a otros sitios web, incluidos los operados y mantenidos por terceros. La Firma incluye estos enlaces \u00fanicamente para su conveniencia, y la presencia de dicho enlace no implica una responsabilidad por el sitio vinculado o un respaldo del sitio vinculado, su operador o sus contenidos.<\/span><br><\/p>\n<p>Este sitio web y sus contenidos se proporcionan &#8220;TAL CUAL&#8221; sin garant\u00eda de ning\u00fan tipo, ya sea expresa o impl\u00edcita, incluidas, entre otras, las garant\u00edas impl\u00edcitas de comerciabilidad, idoneidad para un prop\u00f3sito particular o no infracci\u00f3n. Firma Legal AH no desea representar a nadie que desee una representaci\u00f3n basada en ver este sitio web en un estado donde este sitio web no cumple con todas las leyes y normas \u00e9ticas de ese estado.<\/p>\n<p>La reproducci\u00f3n, distribuci\u00f3n, republicaci\u00f3n y \/ o retransmisi\u00f3n de cualquier material contenido en este sitio web est\u00e1 estrictamente prohibida a menos que se haya obtenido un permiso previo por escrito de Firma Legal AH.<\/p>\t\t\t\t\t\t\t\t<\/div>\n\t\t\t\t<\/div>\n\t\t\t\t\t<\/div>\n\t\t\t\t<\/div>\n\t\t\t\t<\/div>","protected":false},"excerpt":{"rendered":"<p>Disclaimer The contents of this website are provided for informational and advertising purposes only, and should not be construed as legal advice on any subject matter. This website contains general information and may not reflect current legal developments, verdicts, or settlements. AH Law Firm, PLLC expressly disclaims all liability in respect to actions taken or [&hellip;]<\/p>\n","protected":false},"author":1,"featured_media":0,"parent":0,"menu_order":0,"comment_status":"closed","ping_status":"closed","template":"","meta":{"footnotes":""},"class_list":["post-113","page","type-page","status-publish","hentry"],"yoast_head":"<!-- This site is optimized with the Yoast SEO plugin v27.4 - https:\/\/yoast.com\/product\/yoast-seo-wordpress\/ -->\n<title>Disclaimer - AH LAW FIRM PLLC<\/title>\n<meta name=\"robots\" content=\"index, follow, max-snippet:-1, max-image-preview:large, max-video-preview:-1\" \/>\n<link rel=\"canonical\" href=\"https:\/\/ahlawfirmpllc.com\/es\/disclaimer\/\" \/>\n<meta property=\"og:locale\" content=\"es_ES\" \/>\n<meta property=\"og:type\" content=\"article\" \/>\n<meta property=\"og:title\" content=\"Disclaimer - AH LAW FIRM PLLC\" \/>\n<meta property=\"og:description\" content=\"Disclaimer The contents of this website are provided for informational and advertising purposes only, and should not be construed as legal advice on any subject matter. This website contains general information and may not reflect current legal developments, verdicts, or settlements. AH Law Firm, PLLC expressly disclaims all liability in respect to actions taken or [&hellip;]\" \/>\n<meta property=\"og:url\" content=\"https:\/\/ahlawfirmpllc.com\/es\/disclaimer\/\" \/>\n<meta property=\"og:site_name\" content=\"AH LAW FIRM PLLC\" \/>\n<meta property=\"article:modified_time\" content=\"2024-03-06T20:14:45+00:00\" \/>\n<meta name=\"twitter:card\" content=\"summary_large_image\" \/>\n<meta name=\"twitter:label1\" content=\"Tiempo de lectura\" \/>\n\t<meta name=\"twitter:data1\" content=\"6 minutos\" \/>\n<script type=\"application\/ld+json\" class=\"yoast-schema-graph\">{\"@context\":\"https:\\\/\\\/schema.org\",\"@graph\":[{\"@type\":\"WebPage\",\"@id\":\"https:\\\/\\\/ahlawfirmpllc.com\\\/disclaimer\\\/\",\"url\":\"https:\\\/\\\/ahlawfirmpllc.com\\\/disclaimer\\\/\",\"name\":\"Disclaimer - AH LAW FIRM PLLC\",\"isPartOf\":{\"@id\":\"https:\\\/\\\/ahlawfirmpllc.com\\\/#website\"},\"datePublished\":\"2024-03-05T01:16:52+00:00\",\"dateModified\":\"2024-03-06T20:14:45+00:00\",\"breadcrumb\":{\"@id\":\"https:\\\/\\\/ahlawfirmpllc.com\\\/disclaimer\\\/#breadcrumb\"},\"inLanguage\":\"es\",\"potentialAction\":[{\"@type\":\"ReadAction\",\"target\":[\"https:\\\/\\\/ahlawfirmpllc.com\\\/disclaimer\\\/\"]}]},{\"@type\":\"BreadcrumbList\",\"@id\":\"https:\\\/\\\/ahlawfirmpllc.com\\\/disclaimer\\\/#breadcrumb\",\"itemListElement\":[{\"@type\":\"ListItem\",\"position\":1,\"name\":\"Home\",\"item\":\"https:\\\/\\\/ahlawfirmpllc.com\\\/\"},{\"@type\":\"ListItem\",\"position\":2,\"name\":\"Disclaimer\"}]},{\"@type\":\"WebSite\",\"@id\":\"https:\\\/\\\/ahlawfirmpllc.com\\\/#website\",\"url\":\"https:\\\/\\\/ahlawfirmpllc.com\\\/\",\"name\":\"AH LAW FIRM PLLC\",\"description\":\"\",\"publisher\":{\"@id\":\"https:\\\/\\\/ahlawfirmpllc.com\\\/#organization\"},\"potentialAction\":[{\"@type\":\"SearchAction\",\"target\":{\"@type\":\"EntryPoint\",\"urlTemplate\":\"https:\\\/\\\/ahlawfirmpllc.com\\\/?s={search_term_string}\"},\"query-input\":{\"@type\":\"PropertyValueSpecification\",\"valueRequired\":true,\"valueName\":\"search_term_string\"}}],\"inLanguage\":\"es\"},{\"@type\":\"Organization\",\"@id\":\"https:\\\/\\\/ahlawfirmpllc.com\\\/#organization\",\"name\":\"AH LAW FIRM PLLC\",\"url\":\"https:\\\/\\\/ahlawfirmpllc.com\\\/\",\"logo\":{\"@type\":\"ImageObject\",\"inLanguage\":\"es\",\"@id\":\"https:\\\/\\\/ahlawfirmpllc.com\\\/#\\\/schema\\\/logo\\\/image\\\/\",\"url\":\"https:\\\/\\\/ahlawfirmpllc.com\\\/wp-content\\\/uploads\\\/2024\\\/03\\\/logo.png\",\"contentUrl\":\"https:\\\/\\\/ahlawfirmpllc.com\\\/wp-content\\\/uploads\\\/2024\\\/03\\\/logo.png\",\"width\":410,\"height\":123,\"caption\":\"AH LAW FIRM PLLC\"},\"image\":{\"@id\":\"https:\\\/\\\/ahlawfirmpllc.com\\\/#\\\/schema\\\/logo\\\/image\\\/\"}}]}<\/script>\n<!-- \/ Yoast SEO plugin. -->","yoast_head_json":{"title":"Renuncia De Responsabilidad \u2013 Firma Legal AH","robots":{"index":"index","follow":"follow","max-snippet":"max-snippet:-1","max-image-preview":"max-image-preview:large","max-video-preview":"max-video-preview:-1"},"canonical":"https:\/\/ahlawfirmpllc.com\/es\/disclaimer\/","og_locale":"es_ES","og_type":"article","og_title":"Disclaimer - AH LAW FIRM PLLC","og_description":"Disclaimer The contents of this website are provided for informational and advertising purposes only, and should not be construed as legal advice on any subject matter. This website contains general information and may not reflect current legal developments, verdicts, or settlements. AH Law Firm, PLLC expressly disclaims all liability in respect to actions taken or [&hellip;]","og_url":"https:\/\/ahlawfirmpllc.com\/es\/disclaimer\/","og_site_name":"AH LAW FIRM PLLC","article_modified_time":"2024-03-06T20:14:45+00:00","twitter_card":"summary_large_image","twitter_misc":{"Tiempo de lectura":"6 minutos"},"schema":{"@context":"https:\/\/schema.org","@graph":[{"@type":"WebPage","@id":"https:\/\/ahlawfirmpllc.com\/disclaimer\/","url":"https:\/\/ahlawfirmpllc.com\/disclaimer\/","name":"Renuncia De Responsabilidad \u2013 Firma Legal AH","isPartOf":{"@id":"https:\/\/ahlawfirmpllc.com\/#website"},"datePublished":"2024-03-05T01:16:52+00:00","dateModified":"2024-03-06T20:14:45+00:00","breadcrumb":{"@id":"https:\/\/ahlawfirmpllc.com\/disclaimer\/#breadcrumb"},"inLanguage":"es","potentialAction":[{"@type":"ReadAction","target":["https:\/\/ahlawfirmpllc.com\/disclaimer\/"]}]},{"@type":"BreadcrumbList","@id":"https:\/\/ahlawfirmpllc.com\/disclaimer\/#breadcrumb","itemListElement":[{"@type":"ListItem","position":1,"name":"Home","item":"https:\/\/ahlawfirmpllc.com\/"},{"@type":"ListItem","position":2,"name":"Disclaimer"}]},{"@type":"WebSite","@id":"https:\/\/ahlawfirmpllc.com\/#website","url":"https:\/\/ahlawfirmpllc.com\/","name":"Firma Legal AH","description":"","publisher":{"@id":"https:\/\/ahlawfirmpllc.com\/#organization"},"potentialAction":[{"@type":"SearchAction","target":{"@type":"EntryPoint","urlTemplate":"https:\/\/ahlawfirmpllc.com\/?s={search_term_string}"},"query-input":{"@type":"PropertyValueSpecification","valueRequired":true,"valueName":"search_term_string"}}],"inLanguage":"es"},{"@type":"Organization","@id":"https:\/\/ahlawfirmpllc.com\/#organization","name":"Firma Legal AH","url":"https:\/\/ahlawfirmpllc.com\/","logo":{"@type":"ImageObject","inLanguage":"es","@id":"https:\/\/ahlawfirmpllc.com\/#\/schema\/logo\/image\/","url":"https:\/\/ahlawfirmpllc.com\/wp-content\/uploads\/2024\/03\/logo.png","contentUrl":"https:\/\/ahlawfirmpllc.com\/wp-content\/uploads\/2024\/03\/logo.png","width":410,"height":123,"caption":"AH LAW FIRM PLLC"},"image":{"@id":"https:\/\/ahlawfirmpllc.com\/#\/schema\/logo\/image\/"}}]}},"_links":{"self":[{"href":"https:\/\/ahlawfirmpllc.com\/es\/wp-json\/wp\/v2\/pages\/113","targetHints":{"allow":["GET"]}}],"collection":[{"href":"https:\/\/ahlawfirmpllc.com\/es\/wp-json\/wp\/v2\/pages"}],"about":[{"href":"https:\/\/ahlawfirmpllc.com\/es\/wp-json\/wp\/v2\/types\/page"}],"author":[{"embeddable":true,"href":"https:\/\/ahlawfirmpllc.com\/es\/wp-json\/wp\/v2\/users\/1"}],"replies":[{"embeddable":true,"href":"https:\/\/ahlawfirmpllc.com\/es\/wp-json\/wp\/v2\/comments?post=113"}],"version-history":[{"count":0,"href":"https:\/\/ahlawfirmpllc.com\/es\/wp-json\/wp\/v2\/pages\/113\/revisions"}],"wp:attachment":[{"href":"https:\/\/ahlawfirmpllc.com\/es\/wp-json\/wp\/v2\/media?parent=113"}],"curies":[{"name":"wp","href":"https:\/\/api.w.org\/{rel}","templated":true}]}}